{"id":7865,"date":"2020-11-15T18:09:32","date_gmt":"2020-11-15T18:09:33","guid":{"rendered":"https:\/\/helliston.eu\/?post_type=product&#038;p=7865"},"modified":"2021-02-15T12:18:32","modified_gmt":"2021-02-15T12:18:32","slug":"hm-tct-hyvelstal-260x20x3mm-till-metabo-hc-260-c-hc-260-m-hc-260-k-2-st","status":"publish","type":"product","link":"https:\/\/www.helliston.eu\/sv\/produkt\/hm-tct-hyvelstal-260x20x3mm-till-metabo-hc-260-c-hc-260-m-hc-260-k-2-st\/","title":{"rendered":"HM\/TCT Hyvelst\u00e5l 260x20x3mm till Metabo HC 260 C, HC 260 M, HC 260 K, 2 st"},"content":{"rendered":"","protected":false},"excerpt":{"rendered":"<p><strong>HM\/TCT hyvelst\u00e5l 260x20x3mm UTAN JUSTERINGSSP\u00c5R\u00a0till rikthyveln\/ planhyveln Metabo HC260C, HC260M, HC260K.<\/strong> 2 st\u00e5l\/paket. Tillverkade av motst\u00e5ndskraftig volframkarbid (rockwellh\u00e5rdhet 90+HRA). Optimal f\u00f6r alla tr\u00e4slag och tr\u00e4material. J\u00e4mf\u00f6rt med HSS h\u00e5ller HM\/TCT-st\u00e5len sk\u00e4rpan upp till fem g\u00e5nger l\u00e4ngre. St\u00e5len \u00e4r slipbara. Ytterligare information l\u00e4ngst ned.<\/p>\n","protected":false},"featured_media":7538,"template":"","meta":[],"product_brand":[],"product_cat":[1100,1965],"product_tag":[],"class_list":{"0":"post-7865","1":"product","2":"type-product","3":"status-publish","4":"has-post-thumbnail","6":"product_cat-hyvelstal-till-metabo","7":"product_cat-till-rikt-planhyvel-hc260c-hc260m-hc260k-260-mm","9":"first","10":"instock","11":"taxable","12":"shipping-taxable","13":"purchasable","14":"product-type-simple"},"jetpack_sharing_enabled":true,"_links":{"self":[{"href":"https:\/\/www.helliston.eu\/sv\/wp-json\/wp\/v2\/product\/7865","targetHints":{"allow":["GET"]}}],"collection":[{"href":"https:\/\/www.helliston.eu\/sv\/wp-json\/wp\/v2\/product"}],"about":[{"href":"https:\/\/www.helliston.eu\/sv\/wp-json\/wp\/v2\/types\/product"}],"wp:featuredmedia":[{"embeddable":true,"href":"https:\/\/www.helliston.eu\/sv\/wp-json\/wp\/v2\/media\/7538"}],"wp:attachment":[{"href":"https:\/\/www.helliston.eu\/sv\/wp-json\/wp\/v2\/media?parent=7865"}],"wp:term":[{"taxonomy":"product_brand","embeddable":true,"href":"https:\/\/www.helliston.eu\/sv\/wp-json\/wp\/v2\/product_brand?post=7865"},{"taxonomy":"product_cat","embeddable":true,"href":"https:\/\/www.helliston.eu\/sv\/wp-json\/wp\/v2\/product_cat?post=7865"},{"taxonomy":"product_tag","embeddable":true,"href":"https:\/\/www.helliston.eu\/sv\/wp-json\/wp\/v2\/product_tag?post=7865"}],"curies":[{"name":"wp","href":"https:\/\/api.w.org\/{rel}","templated":true}]}}