{"id":7998,"date":"2020-11-11T14:01:39","date_gmt":"2020-11-18T18:30:19","guid":{"rendered":"https:\/\/helliston.eu\/?post_type=product&#038;p=7998"},"modified":"2023-03-18T08:07:20","modified_gmt":"2023-03-18T08:07:20","slug":"hyvelstal-till-scheppach-hms1070-typ-2-hss-261x165x15mm","status":"publish","type":"product","link":"https:\/\/www.helliston.eu\/sv\/produkt\/hyvelstal-till-scheppach-hms1070-typ-2-hss-261x165x15mm\/","title":{"rendered":"Hyvelst\u00e5l till Scheppach HMS1070 TYP 2, HSS, 261&#215;16,5&#215;1,5mm"},"content":{"rendered":"","protected":false},"excerpt":{"rendered":"<p>HSS hyvelst\u00e5l till rikthyveln\/ planhyveln SCHEPPACH HMS1070 TYP 2, 261 x 16,5 x 1,5 mm. 2 st\u00e5l\/paket. Tillverkade av motst\u00e5ndskraftigt HSS-snabbst\u00e5l (Rockwellh\u00e5rdhet 63+HRC). Hyvelst\u00e5l \u00e4r omsk\u00e4rpbar. Ytterligare information l\u00e4ngst ned.<\/p>\n<p><span style=\"color: #0000ff;\">Innan du best\u00e4ller, kontrollera produktbilderna och dina gamla hyvelblad! Det finns 2 typer av Scheppach HMS1070 hyvlar. Den ena hyveln kr\u00e4ver 258x22x1,8mm hyvelblad med 7 h\u00e5l (5 runda, 2 rektangul\u00e4ra), den andra hyveln kr\u00e4ver 261&#215;16,5&#215;1,5mm hyvelblad med 2 h\u00e5l.<\/span><\/p>\n","protected":false},"featured_media":12470,"template":"","meta":[],"product_brand":[],"product_cat":[2001,819,1107],"product_tag":[],"class_list":{"0":"post-7998","1":"product","2":"type-product","3":"status-publish","4":"has-post-thumbnail","6":"product_cat-till-rikt-planhyvel-scheppach-hms-1070-261-254-mm","7":"product_cat-hyvelstal-hyvelknivar-efter-marken","8":"product_cat-hyvelstal-till-scheppach","10":"first","11":"instock","12":"sale","13":"taxable","14":"shipping-taxable","15":"purchasable","16":"product-type-simple"},"jetpack_sharing_enabled":true,"_links":{"self":[{"href":"https:\/\/www.helliston.eu\/sv\/wp-json\/wp\/v2\/product\/7998","targetHints":{"allow":["GET"]}}],"collection":[{"href":"https:\/\/www.helliston.eu\/sv\/wp-json\/wp\/v2\/product"}],"about":[{"href":"https:\/\/www.helliston.eu\/sv\/wp-json\/wp\/v2\/types\/product"}],"wp:featuredmedia":[{"embeddable":true,"href":"https:\/\/www.helliston.eu\/sv\/wp-json\/wp\/v2\/media\/12470"}],"wp:attachment":[{"href":"https:\/\/www.helliston.eu\/sv\/wp-json\/wp\/v2\/media?parent=7998"}],"wp:term":[{"taxonomy":"product_brand","embeddable":true,"href":"https:\/\/www.helliston.eu\/sv\/wp-json\/wp\/v2\/product_brand?post=7998"},{"taxonomy":"product_cat","embeddable":true,"href":"https:\/\/www.helliston.eu\/sv\/wp-json\/wp\/v2\/product_cat?post=7998"},{"taxonomy":"product_tag","embeddable":true,"href":"https:\/\/www.helliston.eu\/sv\/wp-json\/wp\/v2\/product_tag?post=7998"}],"curies":[{"name":"wp","href":"https:\/\/api.w.org\/{rel}","templated":true}]}}