{"id":8295,"date":"2021-01-02T12:56:41","date_gmt":"2021-01-02T12:56:43","guid":{"rendered":"https:\/\/helliston.eu\/?post_type=product&#038;p=8295"},"modified":"2023-03-30T13:38:22","modified_gmt":"2023-03-30T13:38:22","slug":"hyvelstal-till-dewalt-dw733s-hss-260x21x3mm","status":"publish","type":"product","link":"https:\/\/www.helliston.eu\/sv\/produkt\/hyvelstal-till-dewalt-dw733s-hss-260x21x3mm\/","title":{"rendered":"Hyvelst\u00e5l till Dewalt DW733S, HSS, 260x21x3mm"},"content":{"rendered":"","protected":false},"excerpt":{"rendered":"<p>HSS hyvelst\u00e5l till rikthyveln\/ planhyveln Dewalt DW733S, 260 x 21 x 3 mm. 2 st\u00e5l\/paket. Tillverkade av motst\u00e5ndskraftigt HSS-snabbst\u00e5l (Rockwellh\u00e5rdhet 63+HRC). Hyvelst\u00e5l \u00e4r omsk\u00e4rpbar. Ytterligare information l\u00e4ngst ned.<\/p>\n","protected":false},"featured_media":12993,"template":"","meta":[],"product_brand":[],"product_cat":[423,1067,1894,370,819],"product_tag":[],"class_list":{"0":"post-8295","1":"product","2":"type-product","3":"status-publish","4":"has-post-thumbnail","6":"product_cat-260mm-for-scheppach-hms260-metabo-elektra-beckum-hc260-hc260m-hc260c-hc260e-hc260es-hc260k-sv","7":"product_cat-hyvelstal-till-dewalt","8":"product_cat-till-rikt-planhyvel-dewalt-dw733-dw7332-dw7330-dw733s-260-317-318mm","9":"product_cat-hyvelstal","10":"product_cat-hyvelstal-hyvelknivar-efter-marken","12":"first","13":"instock","14":"taxable","15":"shipping-taxable","16":"purchasable","17":"product-type-simple"},"jetpack_sharing_enabled":true,"_links":{"self":[{"href":"https:\/\/www.helliston.eu\/sv\/wp-json\/wp\/v2\/product\/8295","targetHints":{"allow":["GET"]}}],"collection":[{"href":"https:\/\/www.helliston.eu\/sv\/wp-json\/wp\/v2\/product"}],"about":[{"href":"https:\/\/www.helliston.eu\/sv\/wp-json\/wp\/v2\/types\/product"}],"wp:featuredmedia":[{"embeddable":true,"href":"https:\/\/www.helliston.eu\/sv\/wp-json\/wp\/v2\/media\/12993"}],"wp:attachment":[{"href":"https:\/\/www.helliston.eu\/sv\/wp-json\/wp\/v2\/media?parent=8295"}],"wp:term":[{"taxonomy":"product_brand","embeddable":true,"href":"https:\/\/www.helliston.eu\/sv\/wp-json\/wp\/v2\/product_brand?post=8295"},{"taxonomy":"product_cat","embeddable":true,"href":"https:\/\/www.helliston.eu\/sv\/wp-json\/wp\/v2\/product_cat?post=8295"},{"taxonomy":"product_tag","embeddable":true,"href":"https:\/\/www.helliston.eu\/sv\/wp-json\/wp\/v2\/product_tag?post=8295"}],"curies":[{"name":"wp","href":"https:\/\/api.w.org\/{rel}","templated":true}]}}