{"id":9541,"date":"2022-01-20T17:55:07","date_gmt":"2022-01-20T17:55:11","guid":{"rendered":"https:\/\/helliston.eu\/?post_type=product&#038;p=9541"},"modified":"2023-03-18T08:25:01","modified_gmt":"2023-03-18T08:25:01","slug":"hss-hyvelstal-258mm-till-258mm-till-scheppach-ht-1050-258x22x18mm-2-st","status":"publish","type":"product","link":"https:\/\/helliston.eu\/sv\/produkt\/hss-hyvelstal-258mm-till-258mm-till-scheppach-ht-1050-258x22x18mm-2-st\/","title":{"rendered":"Hyvelst\u00e5l till Scheppach HT 1050, HSS, 258x22x1,8mm"},"content":{"rendered":"","protected":false},"excerpt":{"rendered":"<p>HSS hyvelst\u00e5l till rikthyveln\/ planhyveln Scheppach HT 1050, 258 x 22 x 1,8 mm. 2 st\u00e5l\/paket. Tillverkade av motst\u00e5ndskraftigt HSS-snabbst\u00e5l (rockwellh\u00e5rdhet 63+HRC). Hyvelst\u00e5l \u00e4r omsk\u00e4rpbar. Ytterligare information l\u00e4ngst ned.<\/p>\n","protected":false},"featured_media":9190,"template":"","meta":[],"product_brand":[],"product_cat":[2006,819,1107],"product_tag":[4327],"class_list":{"0":"post-9541","1":"product","2":"type-product","3":"status-publish","4":"has-post-thumbnail","6":"product_cat-till-rikt-planhyvel-scheppach-ht-1050-254mm","7":"product_cat-hyvelstal-hyvelknivar-efter-marken","8":"product_cat-hyvelstal-till-scheppach","9":"product_tag-258x22-sv","11":"first","12":"instock","13":"taxable","14":"shipping-taxable","15":"purchasable","16":"product-type-simple"},"jetpack_sharing_enabled":true,"_links":{"self":[{"href":"https:\/\/helliston.eu\/sv\/wp-json\/wp\/v2\/product\/9541","targetHints":{"allow":["GET"]}}],"collection":[{"href":"https:\/\/helliston.eu\/sv\/wp-json\/wp\/v2\/product"}],"about":[{"href":"https:\/\/helliston.eu\/sv\/wp-json\/wp\/v2\/types\/product"}],"wp:featuredmedia":[{"embeddable":true,"href":"https:\/\/helliston.eu\/sv\/wp-json\/wp\/v2\/media\/9190"}],"wp:attachment":[{"href":"https:\/\/helliston.eu\/sv\/wp-json\/wp\/v2\/media?parent=9541"}],"wp:term":[{"taxonomy":"product_brand","embeddable":true,"href":"https:\/\/helliston.eu\/sv\/wp-json\/wp\/v2\/product_brand?post=9541"},{"taxonomy":"product_cat","embeddable":true,"href":"https:\/\/helliston.eu\/sv\/wp-json\/wp\/v2\/product_cat?post=9541"},{"taxonomy":"product_tag","embeddable":true,"href":"https:\/\/helliston.eu\/sv\/wp-json\/wp\/v2\/product_tag?post=9541"}],"curies":[{"name":"wp","href":"https:\/\/api.w.org\/{rel}","templated":true}]}}